{"id":173,"date":"2021-02-22T10:34:53","date_gmt":"2021-02-22T09:34:53","guid":{"rendered":"https:\/\/m-lawgroup.de\/imprint\/"},"modified":"2025-05-23T06:46:07","modified_gmt":"2025-05-23T04:46:07","slug":"imprint","status":"publish","type":"page","link":"https:\/\/mlawgroup.de\/en\/imprint\/","title":{"rendered":"Imprint"},"content":{"rendered":"<p>[et_pb_section fb_built=&#8221;1&#8243; inner_shadow=&#8221;on&#8221; fullwidth=&#8221;on&#8221; _builder_version=&#8221;4.16&#8243; background_color=&#8221;#2ea3f2&#8243; use_background_color_gradient=&#8221;on&#8221; background_color_gradient_direction=&#8221;330deg&#8221; background_color_gradient_stops=&#8221;#2ea3f2 0%|#2e6df4 100%&#8221; background_color_gradient_start=&#8221;#2ea3f2&#8243; background_color_gradient_end=&#8221;#2e6df4&#8243; global_colors_info=&#8221;{}&#8221;][\/et_pb_section][et_pb_section fb_built=&#8221;1&#8243; specialty=&#8221;on&#8221; _builder_version=&#8221;4.16&#8243; custom_padding=&#8221;0px||||false|false&#8221; global_colors_info=&#8221;{}&#8221;][et_pb_column type=&#8221;3_4&#8243; specialty_columns=&#8221;3&#8243; _builder_version=&#8221;4.16&#8243; custom_padding=&#8221;|||&#8221; global_colors_info=&#8221;{}&#8221; custom_padding__hover=&#8221;|||&#8221;][et_pb_row_inner _builder_version=&#8221;4.16&#8243; min_height=&#8221;1169.8px&#8221; custom_padding=&#8221;||0px|||&#8221; global_colors_info=&#8221;{}&#8221;][et_pb_column_inner saved_specialty_column_type=&#8221;3_4&#8243; _builder_version=&#8221;4.16&#8243; custom_padding=&#8221;|||&#8221; global_colors_info=&#8221;{}&#8221; custom_padding__hover=&#8221;|||&#8221;][et_pb_text _builder_version=&#8221;4.27.4&#8243; background_size=&#8221;initial&#8221; background_position=&#8221;top_left&#8221; background_repeat=&#8221;repeat&#8221; hover_enabled=&#8221;0&#8243; global_colors_info=&#8221;{}&#8221; sticky_enabled=&#8221;0&#8243;]<\/p>\n<h1>Imprint<\/h1>\n<p class=\"lead\">Responsible according to Art. 5 German Act for Telemedia Services (Telemediengesetz &#8211; TMG), Art. 55 para. 2 German Interstate Treaty on Broadcasting (Rundfunkstaatsvertrag &#8211; RStV):<\/p>\n<p><strong>m law group<\/strong><br \/>Dr. Hubert Besner \u25aa Rechtsanwalt, Partner<br \/>&#x69;&#110;&#x66;&#111;&#64;&#x6d;&#108;a&#x77;&#103;&#x72;&#x6f;u&#x70;&#46;d&#x65;<br \/>Ph. +49 89 24 213 0<\/p>\n<p><strong>m law group<\/strong><br \/>Besner Kremer Greis Rechtsanw\u00e4lte Partnerschaft mbB<br \/>Franz-Joseph-Str. 9<br \/>80801 Munich\/Germany<br \/>Ph. +49 89 24 213 0<br \/>Fax +49 89 24 213 213<br \/>&#x69;&#110;&#x66;&#x6f;&#64;&#x6d;&#108;a&#x77;&#103;r&#x6f;&#117;p&#x2e;&#100;e<\/p>\n<p>Partnership with limited liability<br \/>Registered with the local court of Munich \u25aa PR 696<\/p>\n<p>VAT-ID. no: DE252258071<\/p>\n<h3>Partner<\/h3>\n<p>Dr. Hubert Besner<br \/>Peter W. Kremer<br \/>Frederic Greis<\/p>\n<h3>Bar Association<\/h3>\n<p>Rechtsanwaltskammer M\u00fcnchen<br \/>Tal 33 \u25aa 80331 M\u00fcnchen<br \/>Ph. +49 89 53 29 44 0<br \/>Fax +49 89 53 29 44 28<br \/>i&#110;&#102;&#x6f;&#x40;&#x72;a&#107;&#45;&#x6d;&#x75;&#x65;nc&#104;&#x65;&#x6e;&#x2e;de<br \/>www.rak-muenchen.de<\/p>\n<h3>Professional Liabiliy Insurance<\/h3>\n<p>Allianz Versicherungs-Aktiengesellschaft M\u00fcnchen<\/p>\n<p>The territorial scope of the insurance covers activities in the member states of the European Union and thus meets at least the requirements of \u00a7 51 of Federal Code of the Legal Profession (BRAO)<\/p>\n<h3>Code of Professional Conduct<\/h3>\n<p>All lawyers of the partnership are admitted in Germany. Applicable professional laws are the Federal Code for the Legal Profession (Bundesrechtsanwaltsordnung), the Code of Professional Conduct (Berufsordnung), the Code of Conduct for Certified Lawyers (Fachanwaltsordnung), the Federal Code of Lawyers&#8217; Fees (Rechtsanwaltsverg\u00fctungsgesetz) as well as the Code of Conduct for European Lawyers (Berufsregeln der Rechtsanw\u00e4lte der Europ\u00e4ischen Union). All legal texts are available at www.brak.de under \u201eBerufsrecht&#8221; (in German only).<\/p>\n<h3>Disclaimer<\/h3>\n<p>m law group is not liable for the content of external websites accessible via hyperlinks on this website. The content of this website is intended as general information only.<\/p>\n<p>[\/et_pb_text][\/et_pb_column_inner][\/et_pb_row_inner][\/et_pb_column][et_pb_column type=&#8221;1_4&#8243; _builder_version=&#8221;4.16&#8243; custom_padding=&#8221;|||&#8221; global_colors_info=&#8221;{}&#8221; custom_padding__hover=&#8221;|||&#8221;][et_pb_divider color=&#8221;RGBA(0,0,0,0)&#8221; disabled_on=&#8221;on|on|off&#8221; _builder_version=&#8221;4.9.1&#8243; _module_preset=&#8221;default&#8221; height=&#8221;14px&#8221; custom_padding=&#8221;|||5px||&#8221; global_module=&#8221;717&#8243; global_colors_info=&#8221;{}&#8221;][\/et_pb_divider][et_pb_divider disabled_on=&#8221;off|off|on&#8221; _builder_version=&#8221;4.16&#8243; _module_preset=&#8221;default&#8221; custom_margin=&#8221;0px||0px||false|false&#8221; custom_padding=&#8221;0px||0px||false|false&#8221; global_colors_info=&#8221;{}&#8221;][\/et_pb_divider][et_pb_text _builder_version=&#8221;4.9.1&#8243; _module_preset=&#8221;default&#8221; global_module=&#8221;786&#8243; global_colors_info=&#8221;{}&#8221;][\/et_pb_text][\/et_pb_column][\/et_pb_section]<\/p>\n","protected":false},"excerpt":{"rendered":"<p>Imprint Responsible according to Art. 5 German Act for Telemedia Services (Telemediengesetz &#8211; TMG), Art. 55 para. 2 German Interstate Treaty on Broadcasting (Rundfunkstaatsvertrag &#8211; RStV): m law groupDr. Hubert Besner \u25aa Rechtsanwalt, &#x50;&#x61;&#114;&#116;n&#x65;&#x72;&#x69;&#110;fo&#x40;&#x6d;&#108;&#97;w&#x67;&#x72;&#x6f;&#117;p&#46;&#x64;&#x65;&#80;&#104;. +49 89 24 213 0 m law groupBesner Kremer Greis Rechtsanw\u00e4lte Partnerschaft mbBFranz-Joseph-Str. 980801 Munich\/GermanyPh. +49 89 24 213 0Fax +49 [&hellip;]<\/p>\n","protected":false},"author":1,"featured_media":0,"parent":0,"menu_order":0,"comment_status":"closed","ping_status":"closed","template":"","meta":{"_et_pb_use_builder":"on","_et_pb_old_content":"","_et_gb_content_width":"","footnotes":""},"class_list":["post-173","page","type-page","status-publish","hentry"],"_links":{"self":[{"href":"https:\/\/mlawgroup.de\/en\/wp-json\/wp\/v2\/pages\/173","targetHints":{"allow":["GET"]}}],"collection":[{"href":"https:\/\/mlawgroup.de\/en\/wp-json\/wp\/v2\/pages"}],"about":[{"href":"https:\/\/mlawgroup.de\/en\/wp-json\/wp\/v2\/types\/page"}],"author":[{"embeddable":true,"href":"https:\/\/mlawgroup.de\/en\/wp-json\/wp\/v2\/users\/1"}],"replies":[{"embeddable":true,"href":"https:\/\/mlawgroup.de\/en\/wp-json\/wp\/v2\/comments?post=173"}],"version-history":[{"count":15,"href":"https:\/\/mlawgroup.de\/en\/wp-json\/wp\/v2\/pages\/173\/revisions"}],"predecessor-version":[{"id":1599,"href":"https:\/\/mlawgroup.de\/en\/wp-json\/wp\/v2\/pages\/173\/revisions\/1599"}],"wp:attachment":[{"href":"https:\/\/mlawgroup.de\/en\/wp-json\/wp\/v2\/media?parent=173"}],"curies":[{"name":"wp","href":"https:\/\/api.w.org\/{rel}","templated":true}]}}